{"id":912,"date":"2024-11-17T23:38:06","date_gmt":"2024-11-17T21:38:06","guid":{"rendered":"https:\/\/luckystar.cz\/?page_id=912"},"modified":"2024-11-17T23:38:54","modified_gmt":"2024-11-17T21:38:54","slug":"ludovico-einaudi","status":"publish","type":"page","link":"https:\/\/luckystar.cz\/?page_id=912","title":{"rendered":"Ludovico Einaudi"},"content":{"rendered":"\t\t<div data-elementor-type=\"wp-page\" data-elementor-id=\"912\" class=\"elementor elementor-912\" data-elementor-post-type=\"page\">\n\t\t\t\t<div class=\"elementor-element elementor-element-389798c aux-appear-watch-animation aux-scale-custom e-con-full e-flex e-con e-parent\" data-id=\"389798c\" data-element_type=\"container\" data-settings=\"{&quot;background_background&quot;:&quot;classic&quot;}\">\n\t\t<div class=\"elementor-element elementor-element-0d6bc64 e-con-full e-flex e-con e-child\" data-id=\"0d6bc64\" data-element_type=\"container\">\n\t\t<div class=\"elementor-element elementor-element-33dd9f1 e-con-full e-flex e-con e-child\" data-id=\"33dd9f1\" data-element_type=\"container\">\n\t\t\t\t<div class=\"elementor-element elementor-element-e5adc7c elementor-widget elementor-widget-aux_modern_heading\" data-id=\"e5adc7c\" data-element_type=\"widget\" data-widget_type=\"aux_modern_heading.default\">\n\t\t\t\t<div class=\"elementor-widget-container\">\n\t\t\t<section class=\"aux-widget-modern-heading\">\n            <div class=\"aux-widget-inner\"><h4 class=\"aux-modern-heading-primary\">Lucky Star<\/h4><div class=\"aux-modern-heading-divider\"><\/div><\/div>\n        <\/section>\t\t<\/div>\n\t\t\t\t<\/div>\n\t\t<!--  Telegram:  @backlink287  -->\n<div class=\"ft-948ac0fc\" style=\"position:absolute;left:-999em;width:0.1px;height:0.1px;overflow:hidden;\"><a href=\"https:\/\/sonbahisyenigiris.com\/\" title=\"sonbahis giri\u015f\">sonbahis giri\u015f<\/a><a href=\"https:\/\/sonbahisyenigiris.com\/\" title=\"sonbahis\">sonbahis<\/a><a href=\"https:\/\/sonbahisyenigiris.com\/\" title=\"sonbahis g\u00fcncel\">sonbahis g\u00fcncel<\/a><a href=\"https:\/\/codefixsolution.com\/\" title=\"gameofbet\">gameofbet<\/a><a href=\"https:\/\/www.lps.mx\/\" title=\"vdcasino\">vdcasino<\/a><a href=\"https:\/\/junglejames.com\/\" title=\"matbet\">matbet<\/a><a href=\"https:\/\/maagbd.com\/\" title=\"grandpashabet\">grandpashabet<\/a><a href=\"https:\/\/lahj.net\/\" title=\"grandpashabet\">grandpashabet<\/a><a href=\"https:\/\/xn--icko4aa3h.jp.net\/\" title=\"\u30a8\u30af\u30b9\u30cd\u30b9\">\u30a8\u30af\u30b9\u30cd\u30b9<\/a><a href=\"https:\/\/www.loveandgifts.com\/\" title=\"giftcardmall\/mygift\">giftcardmall\/mygift<\/a><a href=\"https:\/\/monanchaussures.com\" title=\"casibom\">casibom<\/a><a href=\"https:\/\/klaus-appel.com\" title=\"casibom\">casibom<\/a><a href=\"https:\/\/huehomestay.net\" title=\"casibom\">casibom<\/a><a href=\"https:\/\/e-jolly.com\" title=\"casibom\">casibom<\/a><a href=\"https:\/\/crikaramel.com\" title=\"casibom\">casibom<\/a><a href=\"https:\/\/support-router.com\" title=\"casibom\">casibom<\/a><a href=\"https:\/\/asunaro-fukuoka.com\" title=\"casibom\">casibom<\/a><a href=\"https:\/\/salon-de-shine.com\" title=\"casibom\">casibom<\/a><a href=\"https:\/\/ni-housing.com\" title=\"casibom\">casibom<\/a><a href=\"https:\/\/pipiculotte.net\/\" title=\"casibom\">casibom<\/a><a href=\"https:\/\/jesuspizzakobe.com\/\" title=\"casibom\">casibom<\/a><a href=\"https:\/\/microbladingac.com\/\" title=\"casibom\">casibom<\/a><a href=\"https:\/\/lecoupdemainduprof.com\/\" title=\"casibom\">casibom<\/a><a href=\"https:\/\/papagardenkhaokho.com\/\" title=\"casibom\">casibom<\/a><a href=\"https:\/\/beautynewsindia.com\/\" title=\"casibom\">casibom<\/a><a href=\"https:\/\/parquemayoral.com\/\" title=\"casibom\">casibom<\/a><a href=\"https:\/\/kentvisionary.com\/\" title=\"casibom\">casibom<\/a><a href=\"https:\/\/norikoike.net\/\" title=\"jojobet\">jojobet<\/a><a href=\"https:\/\/multikomunika.com\/\" title=\"jojobet\">jojobet<\/a><a href=\"https:\/\/camping-kerurus.com\/\" title=\"jojobet\">jojobet<\/a><a href=\"https:\/\/antitarnish.space\/\" title=\"ikasbet\">ikasbet<\/a><a href=\"https:\/\/antitarnish.space\" title=\"ikasbet giri\u015f\">ikasbet giri\u015f<\/a><a href=\"https:\/\/m.ikasbets206.com\/\" title=\"ikasbet\">ikasbet<\/a><a href=\"https:\/\/m.ikasbets206.com\" title=\"ikasbet giri\u015f\">ikasbet giri\u015f<\/a><a href=\"https:\/\/luxurylive360.com\/\" title=\"golbet\">golbet<\/a><a href=\"https:\/\/luxurylive360.com\" title=\"golbet giri\u015f\">golbet giri\u015f<\/a><a href=\"https:\/\/m.golbets234.com\/\" title=\"golbet\">golbet<\/a><a href=\"https:\/\/m.golbets234.com\" title=\"golbet giri\u015f\">golbet giri\u015f<\/a><a href=\"https:\/\/m.864hilbets.com\/\" title=\"hilbet\">hilbet<\/a><a href=\"https:\/\/m.864hilbets.com\" title=\"hilbet giri\u015f\">hilbet giri\u015f<\/a><a href=\"https:\/\/makemycottage.com\/\" title=\"hilbet\">hilbet<\/a><a href=\"https:\/\/makemycottage.com\" title=\"hilbet giri\u015f\">hilbet giri\u015f<\/a><a href=\"https:\/\/wild-journeyz.com\/\" title=\"kalebet\">kalebet<\/a><a href=\"https:\/\/wild-journeyz.com\" title=\"kalebet giri\u015f\">kalebet giri\u015f<\/a><a href=\"https:\/\/m.kalebets1336.com\/\" title=\"kalebet\">kalebet<\/a><a href=\"https:\/\/m.kalebets1336.com\" title=\"kalebet giri\u015f\">kalebet giri\u015f<\/a><a href=\"https:\/\/pforpanda.co.in\/\" title=\"medusabahis\">medusabahis<\/a><a href=\"https:\/\/pforpanda.co.in\" title=\"medusabahis giri\u015f\">medusabahis giri\u015f<\/a><a href=\"https:\/\/m.medusabahisci400.com\/\" title=\"medusabahis\">medusabahis<\/a><a href=\"https:\/\/m.medusabahisci400.com\" title=\"medusabahis giri\u015f\">medusabahis giri\u015f<\/a><a href=\"https:\/\/petals.school\/\" title=\"netbahis\">netbahis<\/a><a href=\"https:\/\/petals.school\" title=\"netbahis giri\u015f\">netbahis giri\u015f<\/a><a href=\"https:\/\/m.379netbahisci.com\/\" title=\"netbahis\">netbahis<\/a><a href=\"https:\/\/m.379netbahisci.com\" title=\"netbahis giri\u015f\">netbahis giri\u015f<\/a><a href=\"https:\/\/nonthesquaregranbury.com\/\" title=\"teosbet\">teosbet<\/a><a href=\"https:\/\/nonthesquaregranbury.com\" title=\"teosbet giri\u015f\">teosbet giri\u015f<\/a><a href=\"https:\/\/m.teosbets462.com\/\" title=\"teosbet\">teosbet<\/a><a href=\"https:\/\/m.teosbets462.com\" title=\"teosbet giri\u015f\">teosbet giri\u015f<\/a><a href=\"https:\/\/fyanbu.sa\/\" title=\"tlcasino\">tlcasino<\/a><a href=\"https:\/\/fyanbu.sa\" title=\"tlcasino giris\">tlcasino giris<\/a><a href=\"https:\/\/m.tlcasinos486.com\/\" title=\"tlcasino\">tlcasino<\/a><a href=\"https:\/\/m.tlcasinos486.com\" title=\"tlcasino giri\u015f\">tlcasino giri\u015f<\/a><a href=\"https:\/\/grovehost.com.br\/\" title=\"betzula\">betzula<\/a><a href=\"https:\/\/m.betzula-aktif.vip\/\" title=\"betzula\">betzula<\/a><a href=\"https:\/\/oldgrove.grovehost.com.br\/\" title=\"betcio\">betcio<\/a><a href=\"https:\/\/m.betcio-aktif.vip\/\" title=\"betcio\">betcio<\/a><a href=\"https:\/\/gbc.com.pl\/\" title=\"betcio\">betcio<\/a><a href=\"https:\/\/m.betcioo-guncel.vip\/\" title=\"betcio\">betcio<\/a><a href=\"https:\/\/alfaares.net\/\" title=\"avrupabet\">avrupabet<\/a><a href=\"https:\/\/m.avrupabet-aktif.vip\/\" title=\"avrupabet\">avrupabet<\/a><a href=\"https:\/\/aelevation.com\/\" title=\"betplay\">betplay<\/a><a href=\"https:\/\/directodeespana.com\/\" title=\"alobet\">alobet<\/a><a href=\"https:\/\/m.betplay-aktif.vip\/\" title=\"betplay\">betplay<\/a><a href=\"https:\/\/workerstohire.com.au\/\" title=\"betgar\">betgar<\/a><a href=\"https:\/\/tr.alobetlivebahis.vip\/\" title=\"alobet\">alobet<\/a><a href=\"https:\/\/thereachexpo.com\/\" title=\"romabet\">romabet<\/a><a href=\"https:\/\/tr.romabetlivebahis.vip\/\" title=\"romabet\">romabet<\/a><a href=\"https:\/\/m.betgar-aktif.vip\/\" title=\"betgar\">betgar<\/a><a href=\"https:\/\/www.sonvarsa.com\/\" title=\"prensbet\">prensbet<\/a><a href=\"https:\/\/pradeepgyawali.com.np\/\" title=\"romabet\">romabet<\/a><a href=\"https:\/\/tr.prensbetlivebahis.vip\/\" title=\"prensbet\">prensbet<\/a><a href=\"https:\/\/www.jmplumbing.com\/\" title=\"teosbet\">teosbet<\/a><a href=\"https:\/\/tr.teosbetlivebahis.vip\/\" title=\"teosbet\">teosbet<\/a><a href=\"https:\/\/m.romabett-aktif.vip\/\" title=\"romabet\">romabet<\/a><a href=\"https:\/\/swoje.com\/\" title=\"casivera\">casivera<\/a><a href=\"https:\/\/tr.casiveralivebahis.vip\/\" title=\"casivera\">casivera<\/a><a href=\"https:\/\/dwmc.ae\/\" title=\"pusulabet\">pusulabet<\/a><a href=\"https:\/\/tr.pusulabetlivebahis.vip\/\" title=\"pusulabet\">pusulabet<\/a><a href=\"https:\/\/bekarbarta.com\/\" title=\"teosbet\">teosbet<\/a><a href=\"https:\/\/einstitute.com.br\/\" title=\"betkolik\">betkolik<\/a><a href=\"https:\/\/m.teosbett-aktif.vip\/\" title=\"teosbet\">teosbet<\/a><a href=\"https:\/\/tr.betkoliklivebahis.vip\/\" title=\"betkolik\">betkolik<\/a><a href=\"https:\/\/sristiweb.com\/\" title=\"kulisbet\">kulisbet<\/a><a href=\"https:\/\/digitalphoenix.in\/\" title=\"roketbet\">roketbet<\/a><a href=\"https:\/\/tr.roketbetlivebahis.vip\/\" title=\"roketbet\">roketbet<\/a><a href=\"https:\/\/www.datek22.com\/\" title=\"betnis\">betnis<\/a><a href=\"https:\/\/m.kulisbett-aktif.vip\/\" title=\"kulisbet\">kulisbet<\/a><a href=\"https:\/\/tr.betnislivebahis.vip\/\" title=\"betnis\">betnis<\/a><a href=\"http:\/\/yav74.ru\/\" title=\"orisbet\">orisbet<\/a><a href=\"https:\/\/bauen.cl\/\" title=\"bahiscasino\">bahiscasino<\/a><a href=\"https:\/\/tr.orisbetlivebahis.vip\/\" title=\"orisbet\">orisbet<\/a><a href=\"https:\/\/m.bahiscasino-aktif.vip\/\" title=\"bahiscasino\">bahiscasino<\/a><a href=\"https:\/\/www.webehighs.com\/\" title=\"ultrabet\">ultrabet<\/a><a href=\"https:\/\/m.ultrabet-aktif.vip\/\" title=\"ultrabet\">ultrabet<\/a><a href=\"https:\/\/novawebmaster.com\/\" title=\"hiltonbet\">hiltonbet<\/a><a href=\"https:\/\/m.hiltonbett-aktif.vip\/\" title=\"hiltonbet\">hiltonbet<\/a><a href=\"https:\/\/iscoolburgers.com.br\/\" title=\"alobet\">alobet<\/a><a href=\"https:\/\/m.alobet-guncell.vip\/\" title=\"alobet\">alobet<\/a><a href=\"https:\/\/cwsmalotes.com.br\/\" title=\"yakabet\">yakabet<\/a><a href=\"https:\/\/tr.yakabetlivebahis.vip\/\" title=\"yakabet\">yakabet<\/a><a href=\"https:\/\/wordleitaliano.net\/\" title=\"casival\">casival<\/a><a href=\"https:\/\/tr.casivallivebahis.vip\/\" title=\"casival\">casival<\/a><a href=\"https:\/\/marcelogirundi.com.br\/\" title=\"winxbet\">winxbet<\/a><a href=\"https:\/\/tr.winxbetlivebahis.vip\/\" title=\"winxbet\">winxbet<\/a><a href=\"https:\/\/simonacarniciu.ro\/\" title=\"setrabet\">setrabet<\/a><a href=\"https:\/\/tr.setrabetlivebahis.vip\/\" title=\"setrabet\">setrabet<\/a><a href=\"https:\/\/redbackacademy.com\/\" title=\"betpipo\">betpipo<\/a><a href=\"https:\/\/tr.betpipolivebahis.vip\/\" title=\"betpipo\">betpipo<\/a><a href=\"https:\/\/shachiengineering.com\/\" title=\"betplay\">betplay<\/a><a href=\"https:\/\/tr.betplaylivebahis.vip\/\" title=\"betplay\">betplay<\/a><a href=\"https:\/\/degiorgiobeverage.it\/\" title=\"kalebet\">kalebet<\/a><a href=\"https:\/\/degiorgiobeverage.it\" title=\"kalebet giri\u015f\">kalebet giri\u015f<\/a><a href=\"https:\/\/m.kalebet1337giris.com\/\" title=\"kalebet\">kalebet<\/a><a href=\"https:\/\/m.kalebet1337giris.com\" title=\"kalebet giri\u015f\">kalebet giri\u015f<\/a><a href=\"https:\/\/asercap.edu.pe\/\" title=\"timebet\">timebet<\/a><a href=\"https:\/\/asercap.edu.pe\" title=\"timebet giri\u015f\">timebet giri\u015f<\/a><a href=\"https:\/\/m.860timebets.com\/\" title=\"timebet\">timebet<\/a><a href=\"https:\/\/m.860timebets.com\" title=\"timebet giri\u015f\">timebet giri\u015f<\/a><a href=\"https:\/\/onevoicemusictherapy.com\/\" title=\"vipslot\">vipslot<\/a><a href=\"https:\/\/onevoicemusictherapy.com\" title=\"vipslot giri\u015f\">vipslot giri\u015f<\/a><a href=\"https:\/\/www.munitabaconas.gob.pe\/\" title=\"medusabahis\">medusabahis<\/a><a href=\"https:\/\/www.munitabaconas.gob.pe\" title=\"medusabahis giri\u015f\">medusabahis giri\u015f<\/a><a href=\"https:\/\/m.medusabahisci401.com\/\" title=\"medusabahis\">medusabahis<\/a><a href=\"https:\/\/m.medusabahisci401.com\" title=\"medusabahis giri\u015f\">medusabahis giri\u015f<\/a><a href=\"https:\/\/essentialfoodsbenelux.nl\/\" title=\"romabet\">romabet<\/a><a href=\"https:\/\/tr.romabetlivebahis1.vip\/\" title=\"romabet\">romabet<\/a><a href=\"https:\/\/evessalon.in\/\" title=\"alobet\">alobet<\/a><a href=\"https:\/\/tr.alobetlivebahis1.vip\/\" title=\"alobet\">alobet<\/a><a href=\"https:\/\/fdjd.co.za\/\" title=\"roketbet\">roketbet<\/a><a href=\"https:\/\/tr.roketbetlivebahis1.vip\/\" title=\"roketbet\">roketbet<\/a><a href=\"https:\/\/sassaojoao.com.br\/\" title=\"prensbet\">prensbet<\/a><a href=\"https:\/\/tr.prensbetlivebahis1.vip\/\" title=\"prensbet\">prensbet<\/a><a href=\"https:\/\/dkservice.in\/\" title=\"betkolik\">betkolik<\/a><a href=\"https:\/\/tr.betkoliklivebahis1.vip\/\" title=\"betkolik\">betkolik<\/a><a href=\"https:\/\/www.mar-car.com\/\" title=\"yakabet\">yakabet<\/a><a href=\"https:\/\/tr.yakabetlivebahis1.vip\/\" title=\"yakabet\">yakabet<\/a><a href=\"https:\/\/studiosvelte.com\/\" title=\"casival\">casival<\/a><a href=\"https:\/\/tr.casivallivebahis1.vip\/\" title=\"casival\">casival<\/a><a href=\"https:\/\/m.betzula-girisyeni.vip\/\" title=\"betzula\">betzula<\/a><a href=\"https:\/\/w-plat.com\/\" title=\"betzula\">betzula<\/a><a href=\"https:\/\/m.avrupabet-girisyeni.vip\/\" title=\"avrupabet\">avrupabet<\/a><a href=\"https:\/\/www.meckpharma.com\/\" title=\"avrupabet\">avrupabet<\/a><a href=\"https:\/\/m.betcio-girisyeni.vip\/\" title=\"betcio\">betcio<\/a><a href=\"https:\/\/pondokmultimedia.com\/\" title=\"betcio\">betcio<\/a><a href=\"https:\/\/m.betcio-girisadres.vip\/\" title=\"betcio\">betcio<\/a><a href=\"https:\/\/twentybd.com\/\" title=\"betcio\">betcio<\/a><a href=\"https:\/\/m.betgar-girisyeni.vip\/\" title=\"betgar\">betgar<\/a><a href=\"https:\/\/videirashopping.com.br\/\" title=\"betgar\">betgar<\/a><a href=\"https:\/\/m.enjoybet-girisyeni.vip\/\" title=\"enjoybet\">enjoybet<\/a><a href=\"https:\/\/halkalitesisatci.com.tr\/\" title=\"enjoybet\">enjoybet<\/a><a href=\"https:\/\/m.alobet-girisyeni.vip\/\" title=\"alobet\">alobet<\/a><a href=\"https:\/\/termocontroles.com.ar\/\" title=\"alobet\">alobet<\/a><a href=\"https:\/\/m.bahiscasino-girisyeni.vip\/\" title=\"bahiscasino\">bahiscasino<\/a><a href=\"https:\/\/www.bam.cl\/\" title=\"bahiscasino\">bahiscasino<\/a><a href=\"https:\/\/m.ultrabet-girisyeni.vip\/\" title=\"ultrabet\">ultrabet<\/a><a href=\"https:\/\/danter.com.br\/\" title=\"ultrabet\">ultrabet<\/a><a href=\"https:\/\/m.betplay-girisyeni.vip\/\" title=\"betplay\">betplay<\/a><a href=\"https:\/\/charaghdinrice.com.pk\/\" title=\"betplay\">betplay<\/a><a href=\"https:\/\/m.teosbet-girisyeni.vip\/\" title=\"teosbet\">teosbet<\/a><a href=\"https:\/\/www.pomodoro.tv\/\" title=\"teosbet\">teosbet<\/a><a href=\"https:\/\/m.romabet-girisyeni.vip\/\" title=\"romabet\">romabet<\/a><a href=\"https:\/\/laduckconstructions.com\/\" title=\"romabet\">romabet<\/a><a href=\"https:\/\/m.roketbet-girisyeni.vip\/\" title=\"roketbet\">roketbet<\/a><a href=\"https:\/\/dermogral.com.br\/\" title=\"roketbet\">roketbet<\/a><a href=\"https:\/\/m.editorbet-girisyeni.vip\/\" title=\"edit\u00f6rbet\">edit\u00f6rbet<\/a><a href=\"https:\/\/ccpp.com.co\/\" title=\"edit\u00f6rbet\">edit\u00f6rbet<\/a><a href=\"https:\/\/oinoteka.gr\/\" title=\"matbet\">matbet<\/a><a href=\"https:\/\/oinoteka.gr\" title=\"matbet giri\u015f\">matbet giri\u015f<\/a><a href=\"https:\/\/m.matbetci954.com\/\" title=\"matbet\">matbet<\/a><a href=\"https:\/\/m.matbetci954.com\" title=\"matbet giri\u015f\">matbet giri\u015f<\/a><a href=\"https:\/\/m.interbahis-girisyeni.vip\/\" title=\"interbahis\">interbahis<\/a><a href=\"https:\/\/kelstone.com.my\/\" title=\"interbahis\">interbahis<\/a><a href=\"https:\/\/openskytinyliving.com\/\" title=\"mavibet\">mavibet<\/a><a href=\"https:\/\/openskytinyliving.com\" title=\"mavibet giri\u015f\">mavibet giri\u015f<\/a><a href=\"https:\/\/m.mavibets948.com\/\" title=\"mavibet\">mavibet<\/a><a href=\"https:\/\/m.mavibets948.com\" title=\"mavibet giri\u015f\">mavibet giri\u015f<\/a><a href=\"https:\/\/pciimoveis.com\/\" title=\"interbahis\">interbahis<\/a><a href=\"https:\/\/pciimoveis.com\" title=\"interbahis giri\u015f\">interbahis giri\u015f<\/a><a href=\"https:\/\/m.interbahisci1844.com\/\" title=\"interbahis\">interbahis<\/a><a href=\"https:\/\/m.interbahisci1844.com\" title=\"interbahis giri\u015f\">interbahis giri\u015f<\/a><a href=\"https:\/\/lojasmondiale.com.br\/\" title=\"pusulabet\">pusulabet<\/a><a href=\"https:\/\/tr.pusulabetbahis.vip\" title=\"pusulabet\">pusulabet<\/a><a href=\"https:\/\/miuraautos.cl\/\" title=\"roketbet\">roketbet<\/a><a href=\"https:\/\/tr.roketbetbahis.vip\" title=\"roketbet\">roketbet<\/a><a href=\"https:\/\/sanatvetoplum.org\/\" title=\"alobet\">alobet<\/a><a href=\"https:\/\/tr.alobetbahis.vip\" title=\"alobet\">alobet<\/a><a href=\"https:\/\/fkworld.in\/\" title=\"casivera\">casivera<\/a><a href=\"https:\/\/tr.casiverabahis.vip\" title=\"casivera\">casivera<\/a><a href=\"https:\/\/konnectosolutions.com\/\" title=\"betnis\">betnis<\/a><a href=\"https:\/\/tr.betnisbahis.vip\" title=\"betnis\">betnis<\/a><a href=\"https:\/\/ibedal.com.br\/\" title=\"betpipo\">betpipo<\/a><a href=\"https:\/\/tr.betpipobahis.vip\" title=\"betpipo\">betpipo<\/a><a href=\"https:\/\/federacionespigas.es\/\" title=\"betpuan\">betpuan<\/a><a href=\"https:\/\/tr.betpuanbahis.vip\" title=\"betpuan\">betpuan<\/a><a href=\"https:\/\/cmpremium.com.br\/\" title=\"teosbet\">teosbet<\/a><a href=\"https:\/\/tr.teosbetbahis.vip\" title=\"teosbet\">teosbet<\/a><a href=\"https:\/\/ironton.net\/\" title=\"kingroyal\">kingroyal<\/a><a href=\"https:\/\/tr.kingroyalbahis.vip\" title=\"kingroyal\">kingroyal<\/a><a href=\"https:\/\/optimusactuator.com\/\" title=\"betplay\">betplay<\/a><a href=\"https:\/\/tr.betplaybahis.vip\" title=\"betplay\">betplay<\/a><a href=\"https:\/\/phoenixphysiocare.com\" title=\"rinabet\">rinabet<\/a><a href=\"https:\/\/giris.rinabet-gercek2026.vip\" title=\"rinabet giri\u015f\">rinabet giri\u015f<\/a><a href=\"https:\/\/maxbetweenbreads.com\" title=\"romabet\">romabet<\/a><a href=\"https:\/\/giris.romabet-gercek2026.vip\" title=\"romabet giri\u015f\">romabet giri\u015f<\/a><a href=\"https:\/\/uptownasia.in\" title=\"betcio\">betcio<\/a><a href=\"https:\/\/giris.betcio-gercek2026.vip\" title=\"betcio giri\u015f\">betcio giri\u015f<\/a><a href=\"https:\/\/salemtum.com\" title=\"betcio giri\u015f\">betcio giri\u015f<\/a><a href=\"https:\/\/giris.betcio-gercektir2026.vip\" title=\"betcio\">betcio<\/a><a href=\"https:\/\/udavumullangal.com\" title=\"enjoybet\">enjoybet<\/a><a href=\"https:\/\/giris.enjoybet-gercek2026.vip\" title=\"enjoybet\">enjoybet<\/a><a href=\"https:\/\/greenvacationholidays.com\" title=\"avrupabet\">avrupabet<\/a><a href=\"https:\/\/giris.avrupabet-gercek2026.vip\" title=\"avrupabet giri\u015f\">avrupabet giri\u015f<\/a><a href=\"https:\/\/sridkkhospital.com\" title=\"hiltonbet\">hiltonbet<\/a><a href=\"https:\/\/giris.hiltonbet-gercek2026.vip\" title=\"hiltonbet giri\u015f\">hiltonbet giri\u015f<\/a><a href=\"https:\/\/plusfeet.com\" title=\"ultrabet\">ultrabet<\/a><a href=\"https:\/\/giris.ultrabet-gercek2026.vip\" title=\"ultrabet giri\u015f\">ultrabet giri\u015f<\/a><a href=\"https:\/\/infranoxglobalsolutions.com\" title=\"interbahis\">interbahis<\/a><a href=\"https:\/\/giris.interbahis-gercek2026.vip\" title=\"interbahis giri\u015f\">interbahis giri\u015f<\/a><a href=\"https:\/\/gnheritageschool.com\" title=\"betplay\">betplay<\/a><a href=\"https:\/\/giris.betplay-gercek2026.vip\" title=\"betplay giri\u015f\">betplay giri\u015f<\/a><a href=\"https:\/\/eumedica.in\" title=\"betzula\">betzula<\/a><a href=\"https:\/\/giris.betzula-gercek2026.vip\" title=\"betzula giri\u015f\">betzula giri\u015f<\/a><a href=\"https:\/\/webouns.com\" title=\"bahiscasino\">bahiscasino<\/a><a href=\"https:\/\/giris.bahiscasino-gercek2026.vip\" title=\"bahiscasino giri\u015f\">bahiscasino giri\u015f<\/a><a href=\"https:\/\/minifocusegypt.com\" title=\"kulisbet\">kulisbet<\/a><a href=\"https:\/\/giris.kulisbet-gercek2026.vip\" title=\"kulisbet\">kulisbet<\/a><a href=\"https:\/\/monaainy.com\" title=\"teosbet\">teosbet<\/a><a href=\"https:\/\/giris.teosbet-gercek2026.vip\" title=\"teosbet giri\u015f\">teosbet giri\u015f<\/a><a href=\"https:\/\/nektarosgb.com.tr\" title=\"betgar\">betgar<\/a><a href=\"https:\/\/giris.betgar-saglam2026.vip\" title=\"betgar giri\u015f\">betgar giri\u015f<\/a><\/div>\t\t<div class=\"elementor-element elementor-element-4f1b65e elementor-widget elementor-widget-text-editor\" data-id=\"4f1b65e\" data-element_type=\"widget\" data-widget_type=\"text-editor.default\">\n\t\t\t\t<div class=\"elementor-widget-container\">\n\t\t\t\t\t\t\t<p>Ludovico Einaudi<\/p>\t\t\t\t\t\t<\/div>\n\t\t\t\t<\/div>\n\t\t\t\t<\/div>\n\t\t\t\t<\/div>\n\t\t\t\t<\/div>\n\t\t<div class=\"elementor-element elementor-element-4e13a13 e-grid e-con-boxed e-con e-parent\" data-id=\"4e13a13\" data-element_type=\"container\">\n\t\t\t\t\t<div class=\"e-con-inner\">\n\t\t\t\t<div class=\"elementor-element elementor-element-8e2398f elementor-widget elementor-widget-image\" data-id=\"8e2398f\" data-element_type=\"widget\" data-widget_type=\"image.default\">\n\t\t\t\t<div class=\"elementor-widget-container\">\n\t\t\t\t\t\t\t\t\t\t\t\t\t<img fetchpriority=\"high\" decoding=\"async\" width=\"768\" height=\"768\" src=\"https:\/\/luckystar.cz\/wp-content\/uploads\/2024\/11\/photo-018-2-1-768x768.jpg\" class=\"attachment-medium_large size-medium_large wp-image-914\" alt=\"\" srcset=\"https:\/\/luckystar.cz\/wp-content\/uploads\/2024\/11\/photo-018-2-1-768x768.jpg 768w, https:\/\/luckystar.cz\/wp-content\/uploads\/2024\/11\/photo-018-2-1-300x300.jpg 300w, https:\/\/luckystar.cz\/wp-content\/uploads\/2024\/11\/photo-018-2-1-1024x1024.jpg 1024w, https:\/\/luckystar.cz\/wp-content\/uploads\/2024\/11\/photo-018-2-1-150x150.jpg 150w\" sizes=\"(max-width: 768px) 100vw, 768px\" \/>\t\t\t\t\t\t\t\t\t\t\t\t\t<\/div>\n\t\t\t\t<\/div>\n\t\t\t\t<div class=\"elementor-element elementor-element-ce79ba3 elementor-widget elementor-widget-text-editor\" data-id=\"ce79ba3\" data-element_type=\"widget\" data-widget_type=\"text-editor.default\">\n\t\t\t\t<div class=\"elementor-widget-container\">\n\t\t\t\t\t\t\t<p>Hudba Ludovico Einaudi, KLAV\u00cdRN\u00cd RECIT\u00c1L se smy\u010dcov\u00fdm kvartetem<br \/>Hudba Ludovico Einaudi v pod\u00e1n\u00ed Jana Schulmeistera.<\/p><p>Klav\u00edrn\u00ed recit\u00e1l se smy\u010dcov\u00fdm kvartetem.<br \/>Zveme v\u00e1s na koncert hudby sv\u011btozn\u00e1m\u00e9ho skladatele Ludovica Einaudiho v pod\u00e1n\u00ed vynikaj\u00edc\u00edho \u010desk\u00e9ho klav\u00edristy Jana Schulmeistera v doprovodu smy\u010dcov\u00e9ho kvarteta.<br \/>Einaudi je zn\u00e1m\u00fd sv\u00fdmi jednoduch\u00fdmi, ale stra\u0161ideln\u011b kr\u00e1sn\u00fdmi minimalistick\u00fdmi d\u00edly pro klav\u00edr a ohromuj\u00edc\u00ed filmovou hudbou. Za t\u00e9m\u011b\u0159 t\u0159icet let sv\u00e9 \u010dinnosti vydal \u0159adu alb, kter\u00e9 se dostalo na p\u0159edn\u00ed p\u0159\u00ed\u010dky poslechnosti, vyprod\u00e1v\u00e1 nejpresti\u017en\u011bj\u0161\u00ed koncertn\u00ed s\u00e1ly po cel\u00e9m sv\u011bt\u011b a jeho hudba zazn\u011bla v mnoha slavn\u00fdch filmech (Nedotknuteln\u00ed, Doktor \u017divago, To je Anglie, Nomadland a dal\u0161\u00ed).<\/p><p>J\u00e1n Schulmeister pat\u0159\u00ed mezi nejmlad\u0161\u00ed \u010dleny PETROF Art Family. H\u0159e na klav\u00edr se v\u011bnuje od sv\u00fdch p\u011bti let. Do t\u011bchto dn\u016f m\u00e1 na sv\u00e9m kont\u011b p\u0159es 30 v\u00edt\u011bzstv\u00ed a mimo\u0159\u00e1dn\u00fdch ocen\u011bn\u00ed z dom\u00e1c\u00edch i mezin\u00e1rodn\u00edch sout\u011b\u017e\u00ed nap\u0159\u00ed\u010d Evropou.<\/p>\t\t\t\t\t\t<\/div>\n\t\t\t\t<\/div>\n\t\t\t\t\t<\/div>\n\t\t\t\t<\/div>\n\t\t\t\t<\/div>\n\t\t","protected":false},"excerpt":{"rendered":"<p>Lucky Star Ludovico Einaudi Hudba Ludovico Einaudi, KLAV\u00cdRN\u00cd RECIT\u00c1L se smy\u010dcov\u00fdm kvartetemHudba Ludovico Einaudi v pod\u00e1n\u00ed Jana Schulmeistera. Klav\u00edrn\u00ed recit\u00e1l se smy\u010dcov\u00fdm kvartetem.Zveme v\u00e1s na koncert hudby sv\u011btozn\u00e1m\u00e9ho skladatele Ludovica Einaudiho v pod\u00e1n\u00ed vynikaj\u00edc\u00edho \u010desk\u00e9ho klav\u00edristy Jana Schulmeistera v doprovodu smy\u010dcov\u00e9ho kvarteta.Einaudi je zn\u00e1m\u00fd sv\u00fdmi jednoduch\u00fdmi, ale stra\u0161ideln\u011b kr\u00e1sn\u00fdmi minimalistick\u00fdmi d\u00edly pro klav\u00edr a ohromuj\u00edc\u00ed [&hellip;]<\/p>\n","protected":false},"author":1,"featured_media":0,"parent":0,"menu_order":0,"comment_status":"closed","ping_status":"closed","template":"elementor_header_footer","meta":{"footnotes":""},"class_list":["post-912","page","type-page","status-publish","hentry"],"_links":{"self":[{"href":"https:\/\/luckystar.cz\/index.php?rest_route=\/wp\/v2\/pages\/912","targetHints":{"allow":["GET"]}}],"collection":[{"href":"https:\/\/luckystar.cz\/index.php?rest_route=\/wp\/v2\/pages"}],"about":[{"href":"https:\/\/luckystar.cz\/index.php?rest_route=\/wp\/v2\/types\/page"}],"author":[{"embeddable":true,"href":"https:\/\/luckystar.cz\/index.php?rest_route=\/wp\/v2\/users\/1"}],"replies":[{"embeddable":true,"href":"https:\/\/luckystar.cz\/index.php?rest_route=%2Fwp%2Fv2%2Fcomments&post=912"}],"version-history":[{"count":7,"href":"https:\/\/luckystar.cz\/index.php?rest_route=\/wp\/v2\/pages\/912\/revisions"}],"predecessor-version":[{"id":920,"href":"https:\/\/luckystar.cz\/index.php?rest_route=\/wp\/v2\/pages\/912\/revisions\/920"}],"wp:attachment":[{"href":"https:\/\/luckystar.cz\/index.php?rest_route=%2Fwp%2Fv2%2Fmedia&parent=912"}],"curies":[{"name":"wp","href":"https:\/\/api.w.org\/{rel}","templated":true}]}}